{"id":57,"date":"2021-04-01T17:35:39","date_gmt":"2021-04-01T17:35:39","guid":{"rendered":"https:\/\/kuopionhoiva.fi\/?page_id=57"},"modified":"2021-04-01T19:05:52","modified_gmt":"2021-04-01T19:05:52","slug":"linkkeja","status":"publish","type":"page","link":"https:\/\/kuopionhoiva.fi\/?page_id=57","title":{"rendered":"Linkkej\u00e4"},"content":{"rendered":"\n<h3 class=\"wp-block-heading\"><strong>J\u00e4rjest\u00f6j\u00e4<\/strong><\/h3>\n\n\n\n<p><a href=\"http:\/\/web.archive.org\/web\/20180830102703\/http:\/\/www.kvtl.fi\/\" target=\"_blank\" rel=\"noreferrer noopener\">Kehitysvammaisten tukiliitto ry<\/a><br><a href=\"http:\/\/web.archive.org\/web\/20180830102703\/http:\/\/www.kehitysvammaliitto.fi\/\" target=\"_blank\" rel=\"noreferrer noopener\">Kehitysvammaliitto<\/a><br><a href=\"http:\/\/web.archive.org\/web\/20180830102703\/http:\/\/www.cp-liitto.fi\/\" target=\"_blank\" rel=\"noreferrer noopener\">CP-liitto<\/a><br><a href=\"http:\/\/web.archive.org\/web\/20180830102703\/http:\/\/www.epilepsia.fi\/\" target=\"_blank\" rel=\"noreferrer noopener\">Epilepsialiitto<\/a><br><a href=\"http:\/\/web.archive.org\/web\/20180830102703\/http:\/\/www.autismiliitto.fi\/\" target=\"_blank\" rel=\"noreferrer noopener\">Autismi- ja Asperger-Liitto<\/a><br><a href=\"http:\/\/web.archive.org\/web\/20180830102703\/http:\/\/www.neuvokas.org\/suomi.html\" target=\"_blank\" rel=\"noreferrer noopener\">Valtakunnalliset sosiaali- ja terveysalan j\u00e4rjest\u00f6t<\/a><br><a href=\"http:\/\/web.archive.org\/web\/20180830102703\/http:\/\/www.mll.fi\/\" target=\"_blank\" rel=\"noreferrer noopener\">Mannerheimin lastensuojeluliitto<\/a><\/p>\n\n\n\n<h3 class=\"wp-block-heading\"><strong>Sopeutumisvalmennuskursseja, koulutusta ym.<\/strong><\/h3>\n\n\n\n<p><a href=\"http:\/\/web.archive.org\/web\/20180830102703\/http:\/\/www.epilepsia.fi\/index2a.htm\" target=\"_blank\" rel=\"noreferrer noopener\">Epilepsialiiton sopeutumisvalmennuskurssit<\/a><br><a href=\"http:\/\/web.archive.org\/web\/20180830102703\/http:\/\/www.6net.fi\/opisto\/\" target=\"_blank\" rel=\"noreferrer noopener\">Lehtim\u00e4en opisto<\/a>&nbsp;(Erityiskansanopisto vammaisille Lehtim\u00e4en kunnassa, Etel\u00e4-Pohjanmaalla.)<br><a href=\"http:\/\/web.archive.org\/web\/20180830102703\/http:\/\/www.edu.fi\/koulut\/\" target=\"_blank\" rel=\"noreferrer noopener\">Erityisammattikouluja<\/a><\/p>\n\n\n\n<h3 class=\"wp-block-heading\"><strong>Asumispalveluja<\/strong><\/h3>\n\n\n\n<p><a href=\"http:\/\/web.archive.org\/web\/20180830102703\/http:\/\/www.savas.fi\/\" target=\"_blank\" rel=\"noreferrer noopener\">SAVAS &#8211; Savon vammaisasuntos\u00e4\u00e4ti\u00f6<\/a><br><a href=\"http:\/\/web.archive.org\/web\/20180830102703\/http:\/\/www.kuopio.fi\/soste.nsf\/TD\/141003140618037?OpenDocument\" target=\"_blank\" rel=\"noreferrer noopener\">Kuopion kaupungin kehitysvammahuollon asumisyksik\u00f6t<\/a><\/p>\n\n\n\n<h3 class=\"wp-block-heading\"><strong>Muita palvelujen tuottajia Suomessa<\/strong><\/h3>\n\n\n\n<p><a href=\"http:\/\/web.archive.org\/web\/20180830102703\/http:\/\/www.kodinlinkit.net\/\" target=\"_blank\" rel=\"noreferrer noopener\">Hyvinvointi- ja kotipalveluja<\/a>&nbsp;(esim. kuntoutus-, hoiva-, siivous- ja terveyspalelut) tarjoavien yritysten hakupalvelu<br><a href=\"http:\/\/web.archive.org\/web\/20180830102703\/http:\/\/www.stakes.fi\/tietovep\/index.html\" target=\"_blank\" rel=\"noreferrer noopener\">Stakesin ja l\u00e4\u00e4ninhallitusten tietovep: erityispalvelut Suomessa<\/a><br><a href=\"http:\/\/web.archive.org\/web\/20180830102703\/http:\/\/www.saunalahti.fi\/kup\/uehp\/palvelut.htm\" target=\"_blank\" rel=\"noreferrer noopener\">Luettelo palveluntuottajista<\/a><\/p>\n\n\n\n<h3 class=\"wp-block-heading\"><strong>T\u00e4rkeit\u00e4 yhteyksi\u00e4 Kuopiossa<\/strong><\/h3>\n\n\n\n<p><a href=\"http:\/\/web.archive.org\/web\/20180830102703\/http:\/\/www.kolumbus.fi\/tukipilari\" target=\"_blank\" rel=\"noreferrer noopener\">Kuopion Kansalaistoiminnan keskus Tukipilari<\/a><br><a href=\"http:\/\/web.archive.org\/web\/20180830102703\/http:\/\/www.kuopio.fi\/soste.nsf\/TD\/101003115210849?OpenDocument&amp;MenuItem=1.1.4.7\" target=\"_blank\" rel=\"noreferrer noopener\">Kuopion kaupungin sosiaali- ja terveyspalvelut.<\/a><br><a href=\"http:\/\/web.archive.org\/web\/20180830102703\/http:\/\/www.kuopio.fi\/vap.nsf\/TD\/101003132058571?OpenDocument&amp;MenuItem=1.1.4.9\" target=\"_blank\" rel=\"noreferrer noopener\">Kuopion Liikunta- ja vapaa-ajanpalvelut<\/a><br><a href=\"http:\/\/web.archive.org\/web\/20180830102703\/http:\/\/www.koulut.kuopio.fi\/\" target=\"_blank\" rel=\"noreferrer noopener\">Kuopion erityiskoulut<\/a><br><a href=\"http:\/\/web.archive.org\/web\/20180830102703\/http:\/\/www.mantykankaankoulu.fi\/\" target=\"_blank\" rel=\"noreferrer noopener\">M\u00e4ntykankaan erityiskoulu<\/a><\/p>\n\n\n\n<h3 class=\"wp-block-heading\"><strong>Tietoa kehitysvammaisuudesta, tukipalveluista ja taloudellisesta tuesta<\/strong><\/h3>\n\n\n\n<p><a href=\"http:\/\/web.archive.org\/web\/20180830102703\/http:\/\/www.saunalahti.fi\/kup\/\" target=\"_blank\" rel=\"noreferrer noopener\">Kehitysvammahuollon tietopankki<\/a><br>(Kehitysvammaisten Uudenmaan tukipiiri ry:n yll\u00e4pit\u00e4m\u00e4 laaja ja kattava opas, josta l\u00f6ytyy tietoa mm. eri diagnooseista, kuntoutuksesta, verohelpotuksista, koulutuksesta ja monista arkiel\u00e4m\u00e4n tukipalveluista.)<br><a href=\"http:\/\/web.archive.org\/web\/20180830102703\/http:\/\/www.saunalahti.fi\/kup\/sosturva.htm\" target=\"_blank\" rel=\"noreferrer noopener\">Sosiaaliturvatietoa<\/a><br>(Laaja tietopaketti kehitysvammaisille kuuluvista taloudellisista tukimuodoista ja kehitysvammaisten tarvitsemista tukipalveluista. Kooste on osa kehitysvammahuollon tietopankkia.)<br><a href=\"http:\/\/web.archive.org\/web\/20180830102703\/http:\/\/www.kela.fi\/\" target=\"_blank\" rel=\"noreferrer noopener\">Tietoja KELAn hoitamista tukimuodoista<\/a><br><a href=\"http:\/\/web.archive.org\/web\/20180830102703\/http:\/\/www.sosternet.fi\/\" target=\"_blank\" rel=\"noreferrer noopener\">SOSTERNET &#8211; sosiaali- ja terveysj\u00e4rjest\u00f6jen tietoverkko<\/a><\/p>\n\n\n\n<h3 class=\"wp-block-heading\"><strong>Muita hy\u00f6dyllisi\u00e4 linkkej\u00e4<\/strong><\/h3>\n\n\n\n<p><a href=\"http:\/\/web.archive.org\/web\/20180830102703\/http:\/\/gamma.nic.fi\/~kevike\/index.htm\" target=\"_blank\" rel=\"noreferrer noopener\">KeViKen Maailmankyl\u00e4, mielenkiintoiset sivut &#8211; k\u00e4y kurkkaamassa!<\/a><\/p>\n","protected":false},"excerpt":{"rendered":"<p>J\u00e4rjest\u00f6j\u00e4 Kehitysvammaisten tukiliitto ryKehitysvammaliittoCP-liittoEpilepsialiittoAutismi- ja Asperger-LiittoValtakunnalliset sosiaali- ja terveysalan j\u00e4rjest\u00f6tMannerheimin lastensuojeluliitto Sopeutumisvalmennuskursseja, koulutusta ym. Epilepsialiiton sopeutumisvalmennuskurssitLehtim\u00e4en opisto&nbsp;(Erityiskansanopisto vammaisille Lehtim\u00e4en kunnassa, Etel\u00e4-Pohjanmaalla.)Erityisammattikouluja Asumispalveluja SAVAS &#8211; Savon vammaisasuntos\u00e4\u00e4ti\u00f6Kuopion kaupungin kehitysvammahuollon asumisyksik\u00f6t Muita palvelujen tuottajia Suomessa Hyvinvointi- ja kotipalveluja&nbsp;(esim. kuntoutus-, hoiva-, siivous- ja terveyspalelut) tarjoavien yritysten hakupalveluStakesin ja l\u00e4\u00e4ninhallitusten tietovep: erityispalvelut SuomessaLuettelo palveluntuottajista&#8230;<\/p>\n","protected":false},"author":1,"featured_media":0,"parent":0,"menu_order":0,"comment_status":"closed","ping_status":"closed","template":"","meta":{"footnotes":""},"class_list":["post-57","page","type-page","status-publish","hentry"],"yoast_head":"<!-- This site is optimized with the Yoast SEO plugin v27.5 - https:\/\/yoast.com\/product\/yoast-seo-wordpress\/ -->\n<title>Linkkej\u00e4 - Kuopion Hoiva ry<\/title>\n<meta name=\"robots\" content=\"index, follow, max-snippet:-1, max-image-preview:large, max-video-preview:-1\" \/>\n<link rel=\"canonical\" href=\"https:\/\/kuopionhoiva.fi\/?page_id=57\" \/>\n<meta property=\"og:locale\" content=\"fi_FI\" \/>\n<meta property=\"og:type\" content=\"article\" \/>\n<meta property=\"og:title\" content=\"Linkkej\u00e4 - Kuopion Hoiva ry\" \/>\n<meta property=\"og:description\" content=\"J\u00e4rjest\u00f6j\u00e4 Kehitysvammaisten tukiliitto ryKehitysvammaliittoCP-liittoEpilepsialiittoAutismi- ja Asperger-LiittoValtakunnalliset sosiaali- ja terveysalan j\u00e4rjest\u00f6tMannerheimin lastensuojeluliitto Sopeutumisvalmennuskursseja, koulutusta ym. Epilepsialiiton sopeutumisvalmennuskurssitLehtim\u00e4en opisto&nbsp;(Erityiskansanopisto vammaisille Lehtim\u00e4en kunnassa, Etel\u00e4-Pohjanmaalla.)Erityisammattikouluja Asumispalveluja SAVAS &#8211; Savon vammaisasuntos\u00e4\u00e4ti\u00f6Kuopion kaupungin kehitysvammahuollon asumisyksik\u00f6t Muita palvelujen tuottajia Suomessa Hyvinvointi- ja kotipalveluja&nbsp;(esim. kuntoutus-, hoiva-, siivous- ja terveyspalelut) tarjoavien yritysten hakupalveluStakesin ja l\u00e4\u00e4ninhallitusten tietovep: erityispalvelut SuomessaLuettelo palveluntuottajista...\" \/>\n<meta property=\"og:url\" content=\"https:\/\/kuopionhoiva.fi\/?page_id=57\" \/>\n<meta property=\"og:site_name\" content=\"Kuopion Hoiva ry\" \/>\n<meta property=\"article:modified_time\" content=\"2021-04-01T19:05:52+00:00\" \/>\n<meta name=\"twitter:card\" content=\"summary_large_image\" \/>\n<meta name=\"twitter:label1\" content=\"Arvioitu lukuaika\" \/>\n\t<meta name=\"twitter:data1\" content=\"1 minuutti\" \/>\n<script type=\"application\/ld+json\" class=\"yoast-schema-graph\">{\"@context\":\"https:\\\/\\\/schema.org\",\"@graph\":[{\"@type\":\"WebPage\",\"@id\":\"https:\\\/\\\/kuopionhoiva.fi\\\/?page_id=57\",\"url\":\"https:\\\/\\\/kuopionhoiva.fi\\\/?page_id=57\",\"name\":\"Linkkej\u00e4 - Kuopion Hoiva ry\",\"isPartOf\":{\"@id\":\"https:\\\/\\\/kuopionhoiva.fi\\\/#website\"},\"datePublished\":\"2021-04-01T17:35:39+00:00\",\"dateModified\":\"2021-04-01T19:05:52+00:00\",\"breadcrumb\":{\"@id\":\"https:\\\/\\\/kuopionhoiva.fi\\\/?page_id=57#breadcrumb\"},\"inLanguage\":\"fi\",\"potentialAction\":[{\"@type\":\"ReadAction\",\"target\":[\"https:\\\/\\\/kuopionhoiva.fi\\\/?page_id=57\"]}]},{\"@type\":\"BreadcrumbList\",\"@id\":\"https:\\\/\\\/kuopionhoiva.fi\\\/?page_id=57#breadcrumb\",\"itemListElement\":[{\"@type\":\"ListItem\",\"position\":1,\"name\":\"Etusivu\",\"item\":\"https:\\\/\\\/kuopionhoiva.fi\\\/\"},{\"@type\":\"ListItem\",\"position\":2,\"name\":\"Linkkej\u00e4\"}]},{\"@type\":\"WebSite\",\"@id\":\"https:\\\/\\\/kuopionhoiva.fi\\\/#website\",\"url\":\"https:\\\/\\\/kuopionhoiva.fi\\\/\",\"name\":\"Kuopion Hoiva ry\",\"description\":\"\",\"potentialAction\":[{\"@type\":\"SearchAction\",\"target\":{\"@type\":\"EntryPoint\",\"urlTemplate\":\"https:\\\/\\\/kuopionhoiva.fi\\\/?s={search_term_string}\"},\"query-input\":{\"@type\":\"PropertyValueSpecification\",\"valueRequired\":true,\"valueName\":\"search_term_string\"}}],\"inLanguage\":\"fi\"}]}<\/script>\n<!-- \/ Yoast SEO plugin. -->","yoast_head_json":{"title":"Linkkej\u00e4 - Kuopion Hoiva ry","robots":{"index":"index","follow":"follow","max-snippet":"max-snippet:-1","max-image-preview":"max-image-preview:large","max-video-preview":"max-video-preview:-1"},"canonical":"https:\/\/kuopionhoiva.fi\/?page_id=57","og_locale":"fi_FI","og_type":"article","og_title":"Linkkej\u00e4 - Kuopion Hoiva ry","og_description":"J\u00e4rjest\u00f6j\u00e4 Kehitysvammaisten tukiliitto ryKehitysvammaliittoCP-liittoEpilepsialiittoAutismi- ja Asperger-LiittoValtakunnalliset sosiaali- ja terveysalan j\u00e4rjest\u00f6tMannerheimin lastensuojeluliitto Sopeutumisvalmennuskursseja, koulutusta ym. Epilepsialiiton sopeutumisvalmennuskurssitLehtim\u00e4en opisto&nbsp;(Erityiskansanopisto vammaisille Lehtim\u00e4en kunnassa, Etel\u00e4-Pohjanmaalla.)Erityisammattikouluja Asumispalveluja SAVAS &#8211; Savon vammaisasuntos\u00e4\u00e4ti\u00f6Kuopion kaupungin kehitysvammahuollon asumisyksik\u00f6t Muita palvelujen tuottajia Suomessa Hyvinvointi- ja kotipalveluja&nbsp;(esim. kuntoutus-, hoiva-, siivous- ja terveyspalelut) tarjoavien yritysten hakupalveluStakesin ja l\u00e4\u00e4ninhallitusten tietovep: erityispalvelut SuomessaLuettelo palveluntuottajista...","og_url":"https:\/\/kuopionhoiva.fi\/?page_id=57","og_site_name":"Kuopion Hoiva ry","article_modified_time":"2021-04-01T19:05:52+00:00","twitter_card":"summary_large_image","twitter_misc":{"Arvioitu lukuaika":"1 minuutti"},"schema":{"@context":"https:\/\/schema.org","@graph":[{"@type":"WebPage","@id":"https:\/\/kuopionhoiva.fi\/?page_id=57","url":"https:\/\/kuopionhoiva.fi\/?page_id=57","name":"Linkkej\u00e4 - Kuopion Hoiva ry","isPartOf":{"@id":"https:\/\/kuopionhoiva.fi\/#website"},"datePublished":"2021-04-01T17:35:39+00:00","dateModified":"2021-04-01T19:05:52+00:00","breadcrumb":{"@id":"https:\/\/kuopionhoiva.fi\/?page_id=57#breadcrumb"},"inLanguage":"fi","potentialAction":[{"@type":"ReadAction","target":["https:\/\/kuopionhoiva.fi\/?page_id=57"]}]},{"@type":"BreadcrumbList","@id":"https:\/\/kuopionhoiva.fi\/?page_id=57#breadcrumb","itemListElement":[{"@type":"ListItem","position":1,"name":"Etusivu","item":"https:\/\/kuopionhoiva.fi\/"},{"@type":"ListItem","position":2,"name":"Linkkej\u00e4"}]},{"@type":"WebSite","@id":"https:\/\/kuopionhoiva.fi\/#website","url":"https:\/\/kuopionhoiva.fi\/","name":"Kuopion Hoiva ry","description":"","potentialAction":[{"@type":"SearchAction","target":{"@type":"EntryPoint","urlTemplate":"https:\/\/kuopionhoiva.fi\/?s={search_term_string}"},"query-input":{"@type":"PropertyValueSpecification","valueRequired":true,"valueName":"search_term_string"}}],"inLanguage":"fi"}]}},"jetpack_sharing_enabled":true,"_links":{"self":[{"href":"https:\/\/kuopionhoiva.fi\/index.php?rest_route=\/wp\/v2\/pages\/57","targetHints":{"allow":["GET"]}}],"collection":[{"href":"https:\/\/kuopionhoiva.fi\/index.php?rest_route=\/wp\/v2\/pages"}],"about":[{"href":"https:\/\/kuopionhoiva.fi\/index.php?rest_route=\/wp\/v2\/types\/page"}],"author":[{"embeddable":true,"href":"https:\/\/kuopionhoiva.fi\/index.php?rest_route=\/wp\/v2\/users\/1"}],"replies":[{"embeddable":true,"href":"https:\/\/kuopionhoiva.fi\/index.php?rest_route=%2Fwp%2Fv2%2Fcomments&post=57"}],"version-history":[{"count":3,"href":"https:\/\/kuopionhoiva.fi\/index.php?rest_route=\/wp\/v2\/pages\/57\/revisions"}],"predecessor-version":[{"id":130,"href":"https:\/\/kuopionhoiva.fi\/index.php?rest_route=\/wp\/v2\/pages\/57\/revisions\/130"}],"wp:attachment":[{"href":"https:\/\/kuopionhoiva.fi\/index.php?rest_route=%2Fwp%2Fv2%2Fmedia&parent=57"}],"curies":[{"name":"wp","href":"https:\/\/api.w.org\/{rel}","templated":true}]}}