{"id":55,"date":"2021-04-01T17:35:13","date_gmt":"2021-04-01T17:35:13","guid":{"rendered":"https:\/\/kuopionhoiva.fi\/?page_id=55"},"modified":"2021-04-01T19:12:14","modified_gmt":"2021-04-01T19:12:14","slug":"koulutus","status":"publish","type":"page","link":"https:\/\/kuopionhoiva.fi\/?page_id=55","title":{"rendered":"Koulutus"},"content":{"rendered":"\n<p>Hyvi\u00e4 koulutustapahtumia ja sopeutumisvalmennuskursseja l\u00f6ytyy my\u00f6s Tukiviesti-lehdest\u00e4 ja\u00a0<a href=\"http:\/\/web.archive.org\/web\/20180830101753\/http:\/\/www.kvtl.fi\/\">Kehitysvammaisten Tukiliiton kotisivuilta<\/a>. Sopeutumisvalmennusta kannattaa kysell\u00e4 aktiivisesti my\u00f6s kehitysvammaohjaajien kautta tai suoraan Kelalta, joka kustantaa eritt\u00e4in hyvi\u00e4 sopeutumisvalmennuskursseja koko perheelle tai esim. itsen\u00e4istymist\u00e4 opettelevalle nuorelle.<\/p>\n\n\n\n<p>KEHITYSVAMMAISTEN TUKILIITTO \/ IKI &#8211; instituutti j\u00e4rjest\u00e4\u00e4 sopeutumisvalmennusta, kursseja ja virkistyslomia kehitysvammaisille ja heid\u00e4n perheilleen &#8211; olisiko jokin niist\u00e4 sopiva juuri Teid\u00e4n perheenne tarpeisiin?<\/p>\n\n\n\n<p>Tietoja kursseista saa Kehitysvammaisten tukiliitosta, osoite Pinninkatu 51, 33100 Tampere, puhelin 03 &#8211; 2403 225.<\/p>\n","protected":false},"excerpt":{"rendered":"<p>Hyvi\u00e4 koulutustapahtumia ja sopeutumisvalmennuskursseja l\u00f6ytyy my\u00f6s Tukiviesti-lehdest\u00e4 ja\u00a0Kehitysvammaisten Tukiliiton kotisivuilta. Sopeutumisvalmennusta kannattaa kysell\u00e4 aktiivisesti my\u00f6s kehitysvammaohjaajien kautta tai suoraan Kelalta, joka kustantaa eritt\u00e4in hyvi\u00e4 sopeutumisvalmennuskursseja koko perheelle tai esim. itsen\u00e4istymist\u00e4 opettelevalle nuorelle. KEHITYSVAMMAISTEN TUKILIITTO \/ IKI &#8211; instituutti j\u00e4rjest\u00e4\u00e4 sopeutumisvalmennusta, kursseja ja virkistyslomia kehitysvammaisille ja heid\u00e4n perheilleen &#8211; olisiko jokin&#8230;<\/p>\n","protected":false},"author":1,"featured_media":0,"parent":0,"menu_order":0,"comment_status":"closed","ping_status":"closed","template":"","meta":{"footnotes":""},"class_list":["post-55","page","type-page","status-publish","hentry"],"yoast_head":"<!-- This site is optimized with the Yoast SEO plugin v27.5 - https:\/\/yoast.com\/product\/yoast-seo-wordpress\/ -->\n<title>Koulutus - Kuopion Hoiva ry<\/title>\n<meta name=\"robots\" content=\"index, follow, max-snippet:-1, max-image-preview:large, max-video-preview:-1\" \/>\n<link rel=\"canonical\" href=\"https:\/\/kuopionhoiva.fi\/?page_id=55\" \/>\n<meta property=\"og:locale\" content=\"fi_FI\" \/>\n<meta property=\"og:type\" content=\"article\" \/>\n<meta property=\"og:title\" content=\"Koulutus - Kuopion Hoiva ry\" \/>\n<meta property=\"og:description\" content=\"Hyvi\u00e4 koulutustapahtumia ja sopeutumisvalmennuskursseja l\u00f6ytyy my\u00f6s Tukiviesti-lehdest\u00e4 ja\u00a0Kehitysvammaisten Tukiliiton kotisivuilta. Sopeutumisvalmennusta kannattaa kysell\u00e4 aktiivisesti my\u00f6s kehitysvammaohjaajien kautta tai suoraan Kelalta, joka kustantaa eritt\u00e4in hyvi\u00e4 sopeutumisvalmennuskursseja koko perheelle tai esim. itsen\u00e4istymist\u00e4 opettelevalle nuorelle. KEHITYSVAMMAISTEN TUKILIITTO \/ IKI &#8211; instituutti j\u00e4rjest\u00e4\u00e4 sopeutumisvalmennusta, kursseja ja virkistyslomia kehitysvammaisille ja heid\u00e4n perheilleen &#8211; olisiko jokin...\" \/>\n<meta property=\"og:url\" content=\"https:\/\/kuopionhoiva.fi\/?page_id=55\" \/>\n<meta property=\"og:site_name\" content=\"Kuopion Hoiva ry\" \/>\n<meta property=\"article:modified_time\" content=\"2021-04-01T19:12:14+00:00\" \/>\n<meta name=\"twitter:card\" content=\"summary_large_image\" \/>\n<meta name=\"twitter:label1\" content=\"Arvioitu lukuaika\" \/>\n\t<meta name=\"twitter:data1\" content=\"1 minuutti\" \/>\n<script type=\"application\/ld+json\" class=\"yoast-schema-graph\">{\"@context\":\"https:\\\/\\\/schema.org\",\"@graph\":[{\"@type\":\"WebPage\",\"@id\":\"https:\\\/\\\/kuopionhoiva.fi\\\/?page_id=55\",\"url\":\"https:\\\/\\\/kuopionhoiva.fi\\\/?page_id=55\",\"name\":\"Koulutus - Kuopion Hoiva ry\",\"isPartOf\":{\"@id\":\"https:\\\/\\\/kuopionhoiva.fi\\\/#website\"},\"datePublished\":\"2021-04-01T17:35:13+00:00\",\"dateModified\":\"2021-04-01T19:12:14+00:00\",\"breadcrumb\":{\"@id\":\"https:\\\/\\\/kuopionhoiva.fi\\\/?page_id=55#breadcrumb\"},\"inLanguage\":\"fi\",\"potentialAction\":[{\"@type\":\"ReadAction\",\"target\":[\"https:\\\/\\\/kuopionhoiva.fi\\\/?page_id=55\"]}]},{\"@type\":\"BreadcrumbList\",\"@id\":\"https:\\\/\\\/kuopionhoiva.fi\\\/?page_id=55#breadcrumb\",\"itemListElement\":[{\"@type\":\"ListItem\",\"position\":1,\"name\":\"Etusivu\",\"item\":\"https:\\\/\\\/kuopionhoiva.fi\\\/\"},{\"@type\":\"ListItem\",\"position\":2,\"name\":\"Koulutus\"}]},{\"@type\":\"WebSite\",\"@id\":\"https:\\\/\\\/kuopionhoiva.fi\\\/#website\",\"url\":\"https:\\\/\\\/kuopionhoiva.fi\\\/\",\"name\":\"Kuopion Hoiva ry\",\"description\":\"\",\"potentialAction\":[{\"@type\":\"SearchAction\",\"target\":{\"@type\":\"EntryPoint\",\"urlTemplate\":\"https:\\\/\\\/kuopionhoiva.fi\\\/?s={search_term_string}\"},\"query-input\":{\"@type\":\"PropertyValueSpecification\",\"valueRequired\":true,\"valueName\":\"search_term_string\"}}],\"inLanguage\":\"fi\"}]}<\/script>\n<!-- \/ Yoast SEO plugin. -->","yoast_head_json":{"title":"Koulutus - Kuopion Hoiva ry","robots":{"index":"index","follow":"follow","max-snippet":"max-snippet:-1","max-image-preview":"max-image-preview:large","max-video-preview":"max-video-preview:-1"},"canonical":"https:\/\/kuopionhoiva.fi\/?page_id=55","og_locale":"fi_FI","og_type":"article","og_title":"Koulutus - Kuopion Hoiva ry","og_description":"Hyvi\u00e4 koulutustapahtumia ja sopeutumisvalmennuskursseja l\u00f6ytyy my\u00f6s Tukiviesti-lehdest\u00e4 ja\u00a0Kehitysvammaisten Tukiliiton kotisivuilta. Sopeutumisvalmennusta kannattaa kysell\u00e4 aktiivisesti my\u00f6s kehitysvammaohjaajien kautta tai suoraan Kelalta, joka kustantaa eritt\u00e4in hyvi\u00e4 sopeutumisvalmennuskursseja koko perheelle tai esim. itsen\u00e4istymist\u00e4 opettelevalle nuorelle. KEHITYSVAMMAISTEN TUKILIITTO \/ IKI &#8211; instituutti j\u00e4rjest\u00e4\u00e4 sopeutumisvalmennusta, kursseja ja virkistyslomia kehitysvammaisille ja heid\u00e4n perheilleen &#8211; olisiko jokin...","og_url":"https:\/\/kuopionhoiva.fi\/?page_id=55","og_site_name":"Kuopion Hoiva ry","article_modified_time":"2021-04-01T19:12:14+00:00","twitter_card":"summary_large_image","twitter_misc":{"Arvioitu lukuaika":"1 minuutti"},"schema":{"@context":"https:\/\/schema.org","@graph":[{"@type":"WebPage","@id":"https:\/\/kuopionhoiva.fi\/?page_id=55","url":"https:\/\/kuopionhoiva.fi\/?page_id=55","name":"Koulutus - Kuopion Hoiva ry","isPartOf":{"@id":"https:\/\/kuopionhoiva.fi\/#website"},"datePublished":"2021-04-01T17:35:13+00:00","dateModified":"2021-04-01T19:12:14+00:00","breadcrumb":{"@id":"https:\/\/kuopionhoiva.fi\/?page_id=55#breadcrumb"},"inLanguage":"fi","potentialAction":[{"@type":"ReadAction","target":["https:\/\/kuopionhoiva.fi\/?page_id=55"]}]},{"@type":"BreadcrumbList","@id":"https:\/\/kuopionhoiva.fi\/?page_id=55#breadcrumb","itemListElement":[{"@type":"ListItem","position":1,"name":"Etusivu","item":"https:\/\/kuopionhoiva.fi\/"},{"@type":"ListItem","position":2,"name":"Koulutus"}]},{"@type":"WebSite","@id":"https:\/\/kuopionhoiva.fi\/#website","url":"https:\/\/kuopionhoiva.fi\/","name":"Kuopion Hoiva ry","description":"","potentialAction":[{"@type":"SearchAction","target":{"@type":"EntryPoint","urlTemplate":"https:\/\/kuopionhoiva.fi\/?s={search_term_string}"},"query-input":{"@type":"PropertyValueSpecification","valueRequired":true,"valueName":"search_term_string"}}],"inLanguage":"fi"}]}},"jetpack_sharing_enabled":true,"_links":{"self":[{"href":"https:\/\/kuopionhoiva.fi\/index.php?rest_route=\/wp\/v2\/pages\/55","targetHints":{"allow":["GET"]}}],"collection":[{"href":"https:\/\/kuopionhoiva.fi\/index.php?rest_route=\/wp\/v2\/pages"}],"about":[{"href":"https:\/\/kuopionhoiva.fi\/index.php?rest_route=\/wp\/v2\/types\/page"}],"author":[{"embeddable":true,"href":"https:\/\/kuopionhoiva.fi\/index.php?rest_route=\/wp\/v2\/users\/1"}],"replies":[{"embeddable":true,"href":"https:\/\/kuopionhoiva.fi\/index.php?rest_route=%2Fwp%2Fv2%2Fcomments&post=55"}],"version-history":[{"count":3,"href":"https:\/\/kuopionhoiva.fi\/index.php?rest_route=\/wp\/v2\/pages\/55\/revisions"}],"predecessor-version":[{"id":132,"href":"https:\/\/kuopionhoiva.fi\/index.php?rest_route=\/wp\/v2\/pages\/55\/revisions\/132"}],"wp:attachment":[{"href":"https:\/\/kuopionhoiva.fi\/index.php?rest_route=%2Fwp%2Fv2%2Fmedia&parent=55"}],"curies":[{"name":"wp","href":"https:\/\/api.w.org\/{rel}","templated":true}]}}