{"id":14,"date":"2021-04-01T17:26:32","date_gmt":"2021-04-01T17:26:32","guid":{"rendered":"https:\/\/kuopionhoiva.fi\/?page_id=14"},"modified":"2022-02-13T08:16:34","modified_gmt":"2022-02-13T08:16:34","slug":"apua-arkeen","status":"publish","type":"page","link":"https:\/\/kuopionhoiva.fi\/?page_id=14","title":{"rendered":"Apua arkeen"},"content":{"rendered":"\n<ul class=\"wp-block-list\"><li><a href=\"https:\/\/kuopionhoiva.fi\/?page_id=24\">Kelan tukimuotoja<\/a><\/li><li><a href=\"https:\/\/kuopionhoiva.fi\/?page_id=22\">Kunnan j\u00e4rjest\u00e4m\u00e4t palvelut<\/a><\/li><li><a href=\"https:\/\/kuopionhoiva.fi\/?page_id=26\">Muita tukimuotoja<\/a><\/li><li><a href=\"https:\/\/kuopionhoiva.fi\/?page_id=18\">Neuvonta ja ohjaus, asumis- ja tilap\u00e4ishoitoj\u00e4rjestelyt<\/a><\/li><li><a href=\"https:\/\/kuopionhoiva.fi\/?page_id=16\">Sopeutumisvalmennus<\/a><\/li><li><a href=\"https:\/\/kuopionhoiva.fi\/?page_id=20\">Tukihenkil\u00f6t<\/a><\/li><\/ul>\n","protected":false},"excerpt":{"rendered":"<p>Kelan tukimuotoja Kunnan j\u00e4rjest\u00e4m\u00e4t palvelut Muita tukimuotoja Neuvonta ja ohjaus, asumis- ja tilap\u00e4ishoitoj\u00e4rjestelyt Sopeutumisvalmennus Tukihenkil\u00f6t<\/p>\n","protected":false},"author":1,"featured_media":0,"parent":0,"menu_order":0,"comment_status":"closed","ping_status":"closed","template":"","meta":{"footnotes":""},"class_list":["post-14","page","type-page","status-publish","hentry"],"yoast_head":"<!-- This site is optimized with the Yoast SEO plugin v27.5 - https:\/\/yoast.com\/product\/yoast-seo-wordpress\/ -->\n<title>Apua arkeen - Kuopion Hoiva ry<\/title>\n<meta name=\"robots\" content=\"index, follow, max-snippet:-1, max-image-preview:large, max-video-preview:-1\" \/>\n<link rel=\"canonical\" href=\"https:\/\/kuopionhoiva.fi\/?page_id=14\" \/>\n<meta property=\"og:locale\" content=\"fi_FI\" \/>\n<meta property=\"og:type\" content=\"article\" \/>\n<meta property=\"og:title\" content=\"Apua arkeen - Kuopion Hoiva ry\" \/>\n<meta property=\"og:description\" content=\"Kelan tukimuotoja Kunnan j\u00e4rjest\u00e4m\u00e4t palvelut Muita tukimuotoja Neuvonta ja ohjaus, asumis- ja tilap\u00e4ishoitoj\u00e4rjestelyt Sopeutumisvalmennus Tukihenkil\u00f6t\" \/>\n<meta property=\"og:url\" content=\"https:\/\/kuopionhoiva.fi\/?page_id=14\" \/>\n<meta property=\"og:site_name\" content=\"Kuopion Hoiva ry\" \/>\n<meta property=\"article:modified_time\" content=\"2022-02-13T08:16:34+00:00\" \/>\n<meta name=\"twitter:card\" content=\"summary_large_image\" \/>\n<meta name=\"twitter:label1\" content=\"Arvioitu lukuaika\" \/>\n\t<meta name=\"twitter:data1\" content=\"1 minuutti\" \/>\n<script type=\"application\/ld+json\" class=\"yoast-schema-graph\">{\"@context\":\"https:\\\/\\\/schema.org\",\"@graph\":[{\"@type\":\"WebPage\",\"@id\":\"https:\\\/\\\/kuopionhoiva.fi\\\/?page_id=14\",\"url\":\"https:\\\/\\\/kuopionhoiva.fi\\\/?page_id=14\",\"name\":\"Apua arkeen - Kuopion Hoiva ry\",\"isPartOf\":{\"@id\":\"https:\\\/\\\/kuopionhoiva.fi\\\/#website\"},\"datePublished\":\"2021-04-01T17:26:32+00:00\",\"dateModified\":\"2022-02-13T08:16:34+00:00\",\"breadcrumb\":{\"@id\":\"https:\\\/\\\/kuopionhoiva.fi\\\/?page_id=14#breadcrumb\"},\"inLanguage\":\"fi\",\"potentialAction\":[{\"@type\":\"ReadAction\",\"target\":[\"https:\\\/\\\/kuopionhoiva.fi\\\/?page_id=14\"]}]},{\"@type\":\"BreadcrumbList\",\"@id\":\"https:\\\/\\\/kuopionhoiva.fi\\\/?page_id=14#breadcrumb\",\"itemListElement\":[{\"@type\":\"ListItem\",\"position\":1,\"name\":\"Etusivu\",\"item\":\"https:\\\/\\\/kuopionhoiva.fi\\\/\"},{\"@type\":\"ListItem\",\"position\":2,\"name\":\"Apua arkeen\"}]},{\"@type\":\"WebSite\",\"@id\":\"https:\\\/\\\/kuopionhoiva.fi\\\/#website\",\"url\":\"https:\\\/\\\/kuopionhoiva.fi\\\/\",\"name\":\"Kuopion Hoiva ry\",\"description\":\"\",\"potentialAction\":[{\"@type\":\"SearchAction\",\"target\":{\"@type\":\"EntryPoint\",\"urlTemplate\":\"https:\\\/\\\/kuopionhoiva.fi\\\/?s={search_term_string}\"},\"query-input\":{\"@type\":\"PropertyValueSpecification\",\"valueRequired\":true,\"valueName\":\"search_term_string\"}}],\"inLanguage\":\"fi\"}]}<\/script>\n<!-- \/ Yoast SEO plugin. -->","yoast_head_json":{"title":"Apua arkeen - Kuopion Hoiva ry","robots":{"index":"index","follow":"follow","max-snippet":"max-snippet:-1","max-image-preview":"max-image-preview:large","max-video-preview":"max-video-preview:-1"},"canonical":"https:\/\/kuopionhoiva.fi\/?page_id=14","og_locale":"fi_FI","og_type":"article","og_title":"Apua arkeen - Kuopion Hoiva ry","og_description":"Kelan tukimuotoja Kunnan j\u00e4rjest\u00e4m\u00e4t palvelut Muita tukimuotoja Neuvonta ja ohjaus, asumis- ja tilap\u00e4ishoitoj\u00e4rjestelyt Sopeutumisvalmennus Tukihenkil\u00f6t","og_url":"https:\/\/kuopionhoiva.fi\/?page_id=14","og_site_name":"Kuopion Hoiva ry","article_modified_time":"2022-02-13T08:16:34+00:00","twitter_card":"summary_large_image","twitter_misc":{"Arvioitu lukuaika":"1 minuutti"},"schema":{"@context":"https:\/\/schema.org","@graph":[{"@type":"WebPage","@id":"https:\/\/kuopionhoiva.fi\/?page_id=14","url":"https:\/\/kuopionhoiva.fi\/?page_id=14","name":"Apua arkeen - Kuopion Hoiva ry","isPartOf":{"@id":"https:\/\/kuopionhoiva.fi\/#website"},"datePublished":"2021-04-01T17:26:32+00:00","dateModified":"2022-02-13T08:16:34+00:00","breadcrumb":{"@id":"https:\/\/kuopionhoiva.fi\/?page_id=14#breadcrumb"},"inLanguage":"fi","potentialAction":[{"@type":"ReadAction","target":["https:\/\/kuopionhoiva.fi\/?page_id=14"]}]},{"@type":"BreadcrumbList","@id":"https:\/\/kuopionhoiva.fi\/?page_id=14#breadcrumb","itemListElement":[{"@type":"ListItem","position":1,"name":"Etusivu","item":"https:\/\/kuopionhoiva.fi\/"},{"@type":"ListItem","position":2,"name":"Apua arkeen"}]},{"@type":"WebSite","@id":"https:\/\/kuopionhoiva.fi\/#website","url":"https:\/\/kuopionhoiva.fi\/","name":"Kuopion Hoiva ry","description":"","potentialAction":[{"@type":"SearchAction","target":{"@type":"EntryPoint","urlTemplate":"https:\/\/kuopionhoiva.fi\/?s={search_term_string}"},"query-input":{"@type":"PropertyValueSpecification","valueRequired":true,"valueName":"search_term_string"}}],"inLanguage":"fi"}]}},"jetpack_sharing_enabled":true,"_links":{"self":[{"href":"https:\/\/kuopionhoiva.fi\/index.php?rest_route=\/wp\/v2\/pages\/14","targetHints":{"allow":["GET"]}}],"collection":[{"href":"https:\/\/kuopionhoiva.fi\/index.php?rest_route=\/wp\/v2\/pages"}],"about":[{"href":"https:\/\/kuopionhoiva.fi\/index.php?rest_route=\/wp\/v2\/types\/page"}],"author":[{"embeddable":true,"href":"https:\/\/kuopionhoiva.fi\/index.php?rest_route=\/wp\/v2\/users\/1"}],"replies":[{"embeddable":true,"href":"https:\/\/kuopionhoiva.fi\/index.php?rest_route=%2Fwp%2Fv2%2Fcomments&post=14"}],"version-history":[{"count":2,"href":"https:\/\/kuopionhoiva.fi\/index.php?rest_route=\/wp\/v2\/pages\/14\/revisions"}],"predecessor-version":[{"id":164,"href":"https:\/\/kuopionhoiva.fi\/index.php?rest_route=\/wp\/v2\/pages\/14\/revisions\/164"}],"wp:attachment":[{"href":"https:\/\/kuopionhoiva.fi\/index.php?rest_route=%2Fwp%2Fv2%2Fmedia&parent=14"}],"curies":[{"name":"wp","href":"https:\/\/api.w.org\/{rel}","templated":true}]}}