{"id":136,"date":"2021-04-02T12:40:50","date_gmt":"2021-04-02T12:40:50","guid":{"rendered":"https:\/\/kuopionhoiva.fi\/?page_id=136"},"modified":"2021-04-02T12:44:21","modified_gmt":"2021-04-02T12:44:21","slug":"tietosuojaseloste","status":"publish","type":"page","link":"https:\/\/kuopionhoiva.fi\/?page_id=136","title":{"rendered":"Tietosuojaseloste"},"content":{"rendered":"\n<h2 class=\"wp-block-heading\">Yleist\u00e4<\/h2>\n\n\n\n<p>T\u00e4ss\u00e4 tietosuojaselosteessa kuvaillaan ne tarkoituksenmukaisesti ker\u00e4tyt ja koostetut tiedot, joita Kuopion Hoiva ry ker\u00e4\u00e4 sivuvierailijoista, sek\u00e4 niiden k\u00e4ytt\u00f6tarkoitus, laajuus, s\u00e4ilytt\u00e4minen ja k\u00e4yt\u00e4nn\u00f6t. Selostetta p\u00e4ivitet\u00e4\u00e4n tarvittaessa. Seloste on p\u00e4ivitetty viimeksi 2.4.2021.<\/p>\n\n\n\n<p><strong>Rekisterinpit\u00e4j\u00e4<\/strong><br>Kuopion Hoiva ry<br>Itkonniemenkatu 2 A 4<br>70100 Kuopio<br>todo<\/p>\n\n\n\n<p><strong>Yhteyshenkil\u00f6<\/strong><br>Sirkku Lappalainen<br>puh. +358 40 544 2608<br>etunimi.sukunimi26@gmail.com<\/p>\n\n\n\n<p><strong>Kotisivujen palveluntuottaja<\/strong><br>Ville Kumpulainen<br><a href=\"https:\/\/tmivillekumpulainen.fi\">Tmi Ville Kumpulainen<\/a><br>puh. +358 50 340 2887<\/p>\n\n\n\n<h2 class=\"wp-block-heading\">Rekisterinpit\u00e4j\u00e4n velvollisuudet<\/h2>\n\n\n\n<p>Rekisterinpit\u00e4j\u00e4n velvollisuutena on huolehtia, ett\u00e4 rekisterink\u00e4ytt\u00f6 on asianmukaista, rekisterit t\u00e4ytt\u00e4v\u00e4t niille asetetut voimassaolevat lait ja s\u00e4\u00e4d\u00f6kset, s\u00e4hk\u00f6isten rekisterien tietoturva on ajantasaista ja ennaltaehk\u00e4isev\u00e4\u00e4 sek\u00e4 tietoja kootaan vain siin\u00e4 m\u00e4\u00e4rin, kun se on k\u00e4ytt\u00f6tarkoitustensa kannalta oleellista ja perusteltua.<\/p>\n\n\n\n<h2 class=\"wp-block-heading\">Verkkosivuvierailijoista ker\u00e4tyt tiedot<\/h2>\n\n\n\n<h3 class=\"wp-block-heading\">Yleist\u00e4<\/h3>\n\n\n\n<p>Rekistereiden keskeisen\u00e4 k\u00e4ytt\u00f6tarkoituksena on tiedonsaannin kehitt\u00e4minen ja yhteystietonsa tietty\u00e4 k\u00e4ytt\u00f6tarkoitusta varten antaneiden verkkosivuvierailijoiden tavoittaminen. Tietoja kootaan ja s\u00e4ilytet\u00e4\u00e4n vain siin\u00e4 laajuudessa kuin on v\u00e4ltt\u00e4m\u00e4t\u00f6nt\u00e4 ilmoitetun k\u00e4ytt\u00f6tarkoituksen kannalta. Vierailijalla on oikeus saada pyynn\u00f6st\u00e4 kirjallisena ne h\u00e4nest\u00e4 ker\u00e4tyt tiedot, jotka voidaan tunnistettavasti yhdistyksen tai palveluntuottajan toimesta liitt\u00e4\u00e4 h\u00e4neen, sek\u00e4 pyyt\u00e4\u00e4 n\u00e4iden poistamista. Pyynn\u00f6n yhteydess\u00e4 on tietoturvasyist\u00e4 todistettava henkil\u00f6llisyytens\u00e4 tietojen asianmukaisen k\u00e4sittelyn varmistamiseksi.<\/p>\n\n\n\n<p>Ker\u00e4tyist\u00e4 tiedoista sek\u00e4 niiden pohjalta koostetuista tiedoista voidaan tehd\u00e4 lyhytaikaisia s\u00e4hk\u00f6isi\u00e4 kopioita tai paperikopioita k\u00e4sittely\u00e4 varten. Kopiot h\u00e4vitet\u00e4\u00e4n k\u00e4sittelyn j\u00e4lkeen, jollei niiden pysyv\u00e4mpi arkistointi ole erityisest\u00e4 syyst\u00e4 perusteltua.<\/p>\n\n\n\n<h3 class=\"wp-block-heading\">K\u00e4vij\u00f6ist\u00e4 ker\u00e4tyt tiedot<\/h3>\n\n\n\n<h4 class=\"wp-block-heading\">Vierailutiedot<\/h4>\n\n\n\n<p><strong>Ker\u00e4tyt tiedot<\/strong><br>Sivulatauksella k\u00e4vij\u00e4st\u00e4 ker\u00e4t\u00e4\u00e4n seuraavia tietoja:<\/p>\n\n\n\n<ul class=\"wp-block-list\"><li>vierailuaika<\/li><li>vierailtu sivu ja edelt\u00e4v\u00e4t sivut<\/li><li>vierailijan yksil\u00f6inti\u00e4 avustava tieto (ip-osoite, selain, sijainti ja ev\u00e4steet)<\/li><\/ul>\n\n\n\n<p><strong>Tarkoitus<\/strong><br>Tavoitteena on kehitt\u00e4\u00e4 kotisivuja yh\u00e4 enemm\u00e4n vierailijaa palvelevaan suuntaan. Tarkoituksena on kartoittaa<\/p>\n\n\n\n<ul class=\"wp-block-list\"><li>mit\u00e4 vierailija hakee ja l\u00f6yt\u00e4\u00e4k\u00f6 h\u00e4n etsim\u00e4lleen sivulle<ul><li>tarvitaanko uutta sivua tai osiota vastaamaan k\u00e4vij\u00e4n tiedontarpeeseen<\/li><li>miten pitk\u00e4n polun vierailija k\u00e4y ennen kuin l\u00f6yt\u00e4\u00e4 mahdollisesti etsim\u00e4ns\u00e4<\/li><\/ul><\/li><li>onko kotisivuilla tarpeettomia sivuja<\/li><li>onko kotisivuilla ruuhkahuippuja ja millaiseen tiedontarpeeseen ne kohdentuvat<\/li><li>mist\u00e4 p\u00e4in verkkosivuvierailijat saapuvat<\/li><li>teknisiss\u00e4 virhetilanteissa virheeseen johtaneet syyt<\/li><li>muu kotisivujen kehitt\u00e4misen kannalta tarkoituksenmukainen analyysi (mm. tiedon tarjoaminen)<\/li><\/ul>\n\n\n\n<p><strong>Tietojen s\u00e4ilytys<\/strong><br>Vierailutietoja s\u00e4ilytet\u00e4\u00e4n WordPress-sivumoottorin omassa tietokannassa sek\u00e4 mahdollisten tilastointilis\u00e4osan kehitt\u00e4j\u00e4n hy\u00f6dynt\u00e4mien kolmansien osapuolien tietovarastoissa. Sivulatauksesta muodostuu my\u00f6s verkkosivupalvelimen logimerkint\u00e4.<\/p>\n\n\n\n<h3 class=\"wp-block-heading\">WordPress-lis\u00e4osien ker\u00e4\u00e4m\u00e4t tiedot<\/h3>\n\n\n\n<p><strong>Ker\u00e4tyt tiedot<\/strong><br>Kotisivuilla k\u00e4ytetyill\u00e4 kolmannen osapuolen kehitt\u00e4mill\u00e4 lis\u00e4osilla on keskeisen\u00e4 osana kotisivuja p\u00e4\u00e4sy samoihin tietoihin, joita k\u00e4ytet\u00e4\u00e4n verkkosivuvierailujen tilastoinnissa. Lis\u00e4ksi lis\u00e4osien on mahdollista yksil\u00f6id\u00e4 tarkemmin ulkopuolisiin kolmannen osapuolen palveluihin, kuten Facebookiin, kirjautuneiden vierailijoiden toimintaa. Tietojen ker\u00e4\u00e4minen ja k\u00e4sittely voivat my\u00f6s muuttua lis\u00e4osan kehitt\u00e4j\u00e4osapuolen tai osapuolen yhteisty\u00f6kumppanien yksipuolisesta p\u00e4\u00e4t\u00f6ksest\u00e4. Yhdistys ei voi osaltaan puuttua n\u00e4iden tietojen k\u00e4sittelyyn.<\/p>\n\n\n\n<p>Ev\u00e4steit\u00e4 osana omia palveluitaan k\u00e4ytt\u00e4v\u00e4t tahot:<\/p>\n\n\n\n<ul class=\"wp-block-list\"><li>Google Fonts (<a href=\"https:\/\/policies.google.com\/privacy?hl=fi\">Googlen tietosuojak\u00e4yt\u00e4nt\u00f6<\/a>)<\/li><li>Google reCAPTCHA (<a href=\"https:\/\/policies.google.com\/privacy?hl=fi\">Googlen tietosuojak\u00e4yt\u00e4nt\u00f6<\/a>)<\/li><\/ul>\n\n\n\n<p><strong>Tarkoitus<\/strong><br>Kolmannen osapuolen toimijoiden p\u00e4\u00e4s\u00e4\u00e4nt\u00f6inen tarkoitus on markkinointi. Esimerkiksi some-alustat voivat seurata, mill\u00e4 sivuilla some-alustalle kirjautunut vierailee k\u00e4ydess\u00e4\u00e4n yhdistyksen kotisivuilla ja kohdentaa t\u00e4m\u00e4n j\u00e4lkeen omaa markkinointiaan kyseiselle k\u00e4ytt\u00e4j\u00e4lle.<\/p>\n\n\n\n<p><strong>Tietojen s\u00e4ilytys<\/strong><br>Kolmannen osapuolen toimijat vastaavat itse ker\u00e4\u00e4miens\u00e4 tietojen s\u00e4ilytyksest\u00e4.<\/p>\n\n\n\n<h3 class=\"wp-block-heading\">Verkkolomakkeilla ker\u00e4tty tieto<\/h3>\n\n\n\n<p><strong>Ker\u00e4tyt tiedot<\/strong><br>Verkkolomakkeilla ker\u00e4t\u00e4\u00e4n niill\u00e4 k\u00e4vij\u00e4lle n\u00e4kyv\u00e4t t\u00e4ydennett\u00e4v\u00e4t tiedot k\u00e4ytt\u00e4j\u00e4n suostumuksella. Tyypillisi\u00e4 ker\u00e4tt\u00e4vi\u00e4 tietoja ovat yhteystiedot, kuten nimi, puhelinnumero, s\u00e4hk\u00f6posti ja\/tai osoite k\u00e4ytt\u00f6tarkoituksen mukaan. Lis\u00e4ksi ker\u00e4t\u00e4\u00e4n kyseisen k\u00e4ytt\u00f6tarkoituksen osalta oleellisia valintoja, p\u00e4iv\u00e4m\u00e4\u00e4ri\u00e4 ja vapaamuotoisia tekstivastauksia. K\u00e4vij\u00e4lle n\u00e4kyvien tietojen lis\u00e4ksi voidaan tallentaa l\u00e4hetysajankohta sek\u00e4 k\u00e4vij\u00e4n roskapostittajasta erottavat yksil\u00f6iv\u00e4t tiedot ja ev\u00e4steet.<\/p>\n\n\n\n<p><strong>Tarkoitus<\/strong><br>Lomakkeilla ker\u00e4t\u00e4\u00e4n tapahtuman tai projektin kannalta oleellinen ilmoittautuminen ja yhteystiedot, joilla asianosaisen saa kiinni tapahtumaan tai projektiin liittyv\u00e4n yhteydenpidon tiimoilta. Kyseisess\u00e4 yhteydess\u00e4 ker\u00e4ttyj\u00e4 yhteystietoja ei k\u00e4ytet\u00e4 yhteydenottoon muissa asioissa ilman asianosaisen erillist\u00e4 suostumusta joko lomakkeella tai my\u00f6hemm\u00e4n viestinn\u00e4n yhteydess\u00e4.<\/p>\n\n\n\n<p><strong>Tietojen s\u00e4ilytys<\/strong><br>Lomakkeella t\u00e4ytetyt ja l\u00e4hetetyt tiedot tallentuvat WordPress-lis\u00e4osan hy\u00f6dynt\u00e4m\u00e4\u00e4n tietokantaan ja l\u00e4hetet\u00e4\u00e4n lomakkeen toimintoa koordinoivalle yhdistyksen j\u00e4senelle s\u00e4hk\u00f6postitse. Tiedot voivat toistua my\u00f6hemm\u00e4ss\u00e4 yhteydenotossa esimerkiksi s\u00e4hk\u00f6postivastauksessa lainattuna tekstin\u00e4.<\/p>\n\n\n\n<h2 class=\"wp-block-heading\">Tietoturva ja tietojen k\u00e4sittely<\/h2>\n\n\n\n<h3 class=\"wp-block-heading\">Tekninen tietoturva<\/h3>\n\n\n\n<p>Ker\u00e4tyt tiedot ovat verkkopalvelimella verkkosivupalvelimen logeissa (sivulataukset) ja tietokannassa, joihin on suora p\u00e4\u00e4sy vain palveluntuottajalla (Tmi Ville Kumpulainen). V\u00e4lillinen p\u00e4\u00e4sy tietokantaan on kotisivujen aktiivisesti p\u00e4ivitett\u00e4v\u00e4ll\u00e4 WordPress-alustalla, mik\u00e4 edellytt\u00e4\u00e4 kirjautumista https-protokollan v\u00e4lityksell\u00e4. Kirjautumistunnuksia kotisivuille on luovutettu vain yhdistyksen hallituksen j\u00e4senten k\u00e4ytt\u00f6\u00f6n. Kolmannen osapuolen ker\u00e4\u00e4mien tietojen (some-upotukset ja muut tiedonkeruuta hy\u00f6dynt\u00e4v\u00e4t WordPress-lis\u00e4osat) teknisist\u00e4 ratkaisuista vastaavat kolmannet osapuolet itse.<\/p>\n\n\n\n<p>Lomakkeilta ker\u00e4tyt tiedot v\u00e4litet\u00e4\u00e4n WordPress-lis\u00e4osan tiedontallennuksen lis\u00e4ksi s\u00e4hk\u00f6postitse lomakkeen k\u00e4ytt\u00f6tarkoituksesta vastaavalle henkil\u00f6lle tai henkil\u00f6ille. Osassa lomakkeista voidaan k\u00e4ytt\u00e4\u00e4 roskapostittajien tunnistamiseksi Googlen reCAPTCHA-palvelua (<a href=\"https:\/\/policies.google.com\/privacy?hl=fi\">tietosuojak\u00e4yt\u00e4nt\u00f6<\/a>).<\/p>\n\n\n\n<h3 class=\"wp-block-heading\">Tietojen luovuttaminen<\/h3>\n\n\n\n<p>Rekistereit\u00e4 koskevia k\u00e4sittelypyynt\u00f6j\u00e4 tehd\u00e4\u00e4n vain henkil\u00f6llisyytens\u00e4 vahvistaneiden henkil\u00f6iden pyynn\u00f6st\u00e4. T\u00e4ll\u00e4 varmistetaan, etteiv\u00e4t tiedot p\u00e4\u00e4dy v\u00e4\u00e4riin k\u00e4siin. Tietoja tai niist\u00e4 laadittuja koostetietoja ei luovuteta ilman asianosaisen suostumusta yhdistyksen tai palveluntuottajan toimesta eteenp\u00e4in kolmansille osapuolille, jollei kyseess\u00e4 ole lakis\u00e4\u00e4teinen viranomaism\u00e4\u00e4r\u00e4ys.<\/p>\n\n\n\n<h2 class=\"wp-block-heading\">Muutoshistoria<\/h2>\n\n\n\n<figure class=\"wp-block-table\"><table><tbody><tr><td><strong>pvm<\/strong><\/td><td><strong>Muokkaaja<\/strong><\/td><td><strong>Kuvaus<\/strong><\/td><\/tr><tr><td>2.4.2021<\/td><td>Ville Kumpulainen<\/td><td>Ensimm\u00e4inen julkaistu versio.<\/td><\/tr><tr><td><\/td><td><\/td><td><\/td><\/tr><tr><td><\/td><td><\/td><td><\/td><\/tr><tr><td><\/td><td><\/td><td><\/td><\/tr><\/tbody><\/table><\/figure>\n","protected":false},"excerpt":{"rendered":"<p>Yleist\u00e4 T\u00e4ss\u00e4 tietosuojaselosteessa kuvaillaan ne tarkoituksenmukaisesti ker\u00e4tyt ja koostetut tiedot, joita Kuopion Hoiva ry ker\u00e4\u00e4 sivuvierailijoista, sek\u00e4 niiden k\u00e4ytt\u00f6tarkoitus, laajuus, s\u00e4ilytt\u00e4minen ja k\u00e4yt\u00e4nn\u00f6t. Selostetta p\u00e4ivitet\u00e4\u00e4n tarvittaessa. Seloste on p\u00e4ivitetty viimeksi 2.4.2021. Rekisterinpit\u00e4j\u00e4Kuopion Hoiva ryItkonniemenkatu 2 A 470100 Kuopiotodo Yhteyshenkil\u00f6Sirkku Lappalainenpuh. +358 40 544 2608etunimi.sukunimi26@gmail.com Kotisivujen palveluntuottajaVille KumpulainenTmi Ville Kumpulainenpuh. +358&#8230;<\/p>\n","protected":false},"author":1,"featured_media":0,"parent":0,"menu_order":0,"comment_status":"closed","ping_status":"closed","template":"","meta":{"footnotes":""},"class_list":["post-136","page","type-page","status-publish","hentry"],"yoast_head":"<!-- This site is optimized with the Yoast SEO plugin v27.5 - https:\/\/yoast.com\/product\/yoast-seo-wordpress\/ -->\n<title>Tietosuojaseloste - Kuopion Hoiva ry<\/title>\n<meta name=\"robots\" content=\"index, follow, max-snippet:-1, max-image-preview:large, max-video-preview:-1\" \/>\n<link rel=\"canonical\" href=\"https:\/\/kuopionhoiva.fi\/?page_id=136\" \/>\n<meta property=\"og:locale\" content=\"fi_FI\" \/>\n<meta property=\"og:type\" content=\"article\" \/>\n<meta property=\"og:title\" content=\"Tietosuojaseloste - Kuopion Hoiva ry\" \/>\n<meta property=\"og:description\" content=\"Yleist\u00e4 T\u00e4ss\u00e4 tietosuojaselosteessa kuvaillaan ne tarkoituksenmukaisesti ker\u00e4tyt ja koostetut tiedot, joita Kuopion Hoiva ry ker\u00e4\u00e4 sivuvierailijoista, sek\u00e4 niiden k\u00e4ytt\u00f6tarkoitus, laajuus, s\u00e4ilytt\u00e4minen ja k\u00e4yt\u00e4nn\u00f6t. Selostetta p\u00e4ivitet\u00e4\u00e4n tarvittaessa. Seloste on p\u00e4ivitetty viimeksi 2.4.2021. Rekisterinpit\u00e4j\u00e4Kuopion Hoiva ryItkonniemenkatu 2 A 470100 Kuopiotodo Yhteyshenkil\u00f6Sirkku Lappalainenpuh. +358 40 544 2608etunimi.sukunimi26@gmail.com Kotisivujen palveluntuottajaVille KumpulainenTmi Ville Kumpulainenpuh. +358...\" \/>\n<meta property=\"og:url\" content=\"https:\/\/kuopionhoiva.fi\/?page_id=136\" \/>\n<meta property=\"og:site_name\" content=\"Kuopion Hoiva ry\" \/>\n<meta property=\"article:modified_time\" content=\"2021-04-02T12:44:21+00:00\" \/>\n<meta name=\"twitter:card\" content=\"summary_large_image\" \/>\n<meta name=\"twitter:label1\" content=\"Arvioitu lukuaika\" \/>\n\t<meta name=\"twitter:data1\" content=\"3 minuuttia\" \/>\n<script type=\"application\/ld+json\" class=\"yoast-schema-graph\">{\"@context\":\"https:\\\/\\\/schema.org\",\"@graph\":[{\"@type\":\"WebPage\",\"@id\":\"https:\\\/\\\/kuopionhoiva.fi\\\/?page_id=136\",\"url\":\"https:\\\/\\\/kuopionhoiva.fi\\\/?page_id=136\",\"name\":\"Tietosuojaseloste - Kuopion Hoiva ry\",\"isPartOf\":{\"@id\":\"https:\\\/\\\/kuopionhoiva.fi\\\/#website\"},\"datePublished\":\"2021-04-02T12:40:50+00:00\",\"dateModified\":\"2021-04-02T12:44:21+00:00\",\"breadcrumb\":{\"@id\":\"https:\\\/\\\/kuopionhoiva.fi\\\/?page_id=136#breadcrumb\"},\"inLanguage\":\"fi\",\"potentialAction\":[{\"@type\":\"ReadAction\",\"target\":[\"https:\\\/\\\/kuopionhoiva.fi\\\/?page_id=136\"]}]},{\"@type\":\"BreadcrumbList\",\"@id\":\"https:\\\/\\\/kuopionhoiva.fi\\\/?page_id=136#breadcrumb\",\"itemListElement\":[{\"@type\":\"ListItem\",\"position\":1,\"name\":\"Etusivu\",\"item\":\"https:\\\/\\\/kuopionhoiva.fi\\\/\"},{\"@type\":\"ListItem\",\"position\":2,\"name\":\"Tietosuojaseloste\"}]},{\"@type\":\"WebSite\",\"@id\":\"https:\\\/\\\/kuopionhoiva.fi\\\/#website\",\"url\":\"https:\\\/\\\/kuopionhoiva.fi\\\/\",\"name\":\"Kuopion Hoiva ry\",\"description\":\"\",\"potentialAction\":[{\"@type\":\"SearchAction\",\"target\":{\"@type\":\"EntryPoint\",\"urlTemplate\":\"https:\\\/\\\/kuopionhoiva.fi\\\/?s={search_term_string}\"},\"query-input\":{\"@type\":\"PropertyValueSpecification\",\"valueRequired\":true,\"valueName\":\"search_term_string\"}}],\"inLanguage\":\"fi\"}]}<\/script>\n<!-- \/ Yoast SEO plugin. -->","yoast_head_json":{"title":"Tietosuojaseloste - Kuopion Hoiva ry","robots":{"index":"index","follow":"follow","max-snippet":"max-snippet:-1","max-image-preview":"max-image-preview:large","max-video-preview":"max-video-preview:-1"},"canonical":"https:\/\/kuopionhoiva.fi\/?page_id=136","og_locale":"fi_FI","og_type":"article","og_title":"Tietosuojaseloste - Kuopion Hoiva ry","og_description":"Yleist\u00e4 T\u00e4ss\u00e4 tietosuojaselosteessa kuvaillaan ne tarkoituksenmukaisesti ker\u00e4tyt ja koostetut tiedot, joita Kuopion Hoiva ry ker\u00e4\u00e4 sivuvierailijoista, sek\u00e4 niiden k\u00e4ytt\u00f6tarkoitus, laajuus, s\u00e4ilytt\u00e4minen ja k\u00e4yt\u00e4nn\u00f6t. Selostetta p\u00e4ivitet\u00e4\u00e4n tarvittaessa. Seloste on p\u00e4ivitetty viimeksi 2.4.2021. Rekisterinpit\u00e4j\u00e4Kuopion Hoiva ryItkonniemenkatu 2 A 470100 Kuopiotodo Yhteyshenkil\u00f6Sirkku Lappalainenpuh. +358 40 544 2608etunimi.sukunimi26@gmail.com Kotisivujen palveluntuottajaVille KumpulainenTmi Ville Kumpulainenpuh. +358...","og_url":"https:\/\/kuopionhoiva.fi\/?page_id=136","og_site_name":"Kuopion Hoiva ry","article_modified_time":"2021-04-02T12:44:21+00:00","twitter_card":"summary_large_image","twitter_misc":{"Arvioitu lukuaika":"3 minuuttia"},"schema":{"@context":"https:\/\/schema.org","@graph":[{"@type":"WebPage","@id":"https:\/\/kuopionhoiva.fi\/?page_id=136","url":"https:\/\/kuopionhoiva.fi\/?page_id=136","name":"Tietosuojaseloste - Kuopion Hoiva ry","isPartOf":{"@id":"https:\/\/kuopionhoiva.fi\/#website"},"datePublished":"2021-04-02T12:40:50+00:00","dateModified":"2021-04-02T12:44:21+00:00","breadcrumb":{"@id":"https:\/\/kuopionhoiva.fi\/?page_id=136#breadcrumb"},"inLanguage":"fi","potentialAction":[{"@type":"ReadAction","target":["https:\/\/kuopionhoiva.fi\/?page_id=136"]}]},{"@type":"BreadcrumbList","@id":"https:\/\/kuopionhoiva.fi\/?page_id=136#breadcrumb","itemListElement":[{"@type":"ListItem","position":1,"name":"Etusivu","item":"https:\/\/kuopionhoiva.fi\/"},{"@type":"ListItem","position":2,"name":"Tietosuojaseloste"}]},{"@type":"WebSite","@id":"https:\/\/kuopionhoiva.fi\/#website","url":"https:\/\/kuopionhoiva.fi\/","name":"Kuopion Hoiva ry","description":"","potentialAction":[{"@type":"SearchAction","target":{"@type":"EntryPoint","urlTemplate":"https:\/\/kuopionhoiva.fi\/?s={search_term_string}"},"query-input":{"@type":"PropertyValueSpecification","valueRequired":true,"valueName":"search_term_string"}}],"inLanguage":"fi"}]}},"jetpack_sharing_enabled":true,"_links":{"self":[{"href":"https:\/\/kuopionhoiva.fi\/index.php?rest_route=\/wp\/v2\/pages\/136","targetHints":{"allow":["GET"]}}],"collection":[{"href":"https:\/\/kuopionhoiva.fi\/index.php?rest_route=\/wp\/v2\/pages"}],"about":[{"href":"https:\/\/kuopionhoiva.fi\/index.php?rest_route=\/wp\/v2\/types\/page"}],"author":[{"embeddable":true,"href":"https:\/\/kuopionhoiva.fi\/index.php?rest_route=\/wp\/v2\/users\/1"}],"replies":[{"embeddable":true,"href":"https:\/\/kuopionhoiva.fi\/index.php?rest_route=%2Fwp%2Fv2%2Fcomments&post=136"}],"version-history":[{"count":2,"href":"https:\/\/kuopionhoiva.fi\/index.php?rest_route=\/wp\/v2\/pages\/136\/revisions"}],"predecessor-version":[{"id":140,"href":"https:\/\/kuopionhoiva.fi\/index.php?rest_route=\/wp\/v2\/pages\/136\/revisions\/140"}],"wp:attachment":[{"href":"https:\/\/kuopionhoiva.fi\/index.php?rest_route=%2Fwp%2Fv2%2Fmedia&parent=136"}],"curies":[{"name":"wp","href":"https:\/\/api.w.org\/{rel}","templated":true}]}}