{"id":10,"date":"2021-04-01T17:25:30","date_gmt":"2021-04-01T17:25:30","guid":{"rendered":"https:\/\/kuopionhoiva.fi\/?page_id=10"},"modified":"2021-04-01T18:43:02","modified_gmt":"2021-04-01T18:43:02","slug":"kuopion-hoiva-ry","status":"publish","type":"page","link":"https:\/\/kuopionhoiva.fi\/","title":{"rendered":"Kuopion Hoiva ry"},"content":{"rendered":"\n<p>&#8211;<a href=\"http:\/\/web.archive.org\/web\/20190903155841\/http:\/\/www.kvtl.fi\/\">&nbsp;Kehitysvammaisten tukiliitto ry<\/a>:n j\u00e4sen<br>&#8211; Noin 215 j\u00e4sent\u00e4 Kuopion alueelta<br>&#8211; Toimintamme perustuu vapaaehtoisuuteen<br>&#8211; Yhdistys j\u00e4rjest\u00e4\u00e4 monenlaista yhteist\u00e4 toimintaa ja yhdess\u00e4oloa, kuten kes\u00e4leirit, retket ja ulkoilup\u00e4iv\u00e4t, erilaiset kerhot ja j\u00e4senillat.<br>&#8211; Hoiva tarjoaa mahdollisuuden osallistua vapaaehtoisty\u00f6h\u00f6n ja my\u00f6s &#8221;yrityskummit&#8221; ovat tervetulleita mukaan.<\/p>\n\n\n\n<p><a href=\"https:\/\/kuopionhoiva.fi\/?page_id=59\">Ota rohkeasti yhteytt\u00e4<\/a> Hoivan yhteyshenkil\u00f6ihin. Heilt\u00e4 saat lis\u00e4tietoja eri toiminnoista.<br>J\u00e4seneksi voit liitty\u00e4 soittamalla Hoivan puheenjohtajalle tai sihteerille tai l\u00e4hett\u00e4m\u00e4ll\u00e4 sihteerille s\u00e4hk\u00f6postia.<br>J\u00e4senetuna saat Kehitysvammaisten tukiliiton julkaiseman Tukiviesti-lehden tai vaihtoehtoisesti selkokielisen Leija-lehden. Jos perheess\u00e4 on kaksi j\u00e4sent\u00e4, voi toinen ottaa Tukiviestin ja toinen Leijan j\u00e4senlehdekseen.<br>J\u00e4senmaksu on 20 euroa perheen ensimm\u00e4iselt\u00e4 j\u00e4senelt\u00e4 ja 15 euroa seuraavilta j\u00e4senilt\u00e4. Yritysten ja yhdistysten kannatusj\u00e4senmaksu on&nbsp;100 euroa.<\/p>\n","protected":false},"excerpt":{"rendered":"<p>&#8211;&nbsp;Kehitysvammaisten tukiliitto ry:n j\u00e4sen&#8211; Noin 215 j\u00e4sent\u00e4 Kuopion alueelta&#8211; Toimintamme perustuu vapaaehtoisuuteen&#8211; Yhdistys j\u00e4rjest\u00e4\u00e4 monenlaista yhteist\u00e4 toimintaa ja yhdess\u00e4oloa, kuten kes\u00e4leirit, retket ja ulkoilup\u00e4iv\u00e4t, erilaiset kerhot ja j\u00e4senillat.&#8211; Hoiva tarjoaa mahdollisuuden osallistua vapaaehtoisty\u00f6h\u00f6n ja my\u00f6s &#8221;yrityskummit&#8221; ovat tervetulleita mukaan. Ota rohkeasti yhteytt\u00e4 Hoivan yhteyshenkil\u00f6ihin. Heilt\u00e4 saat lis\u00e4tietoja eri toiminnoista.J\u00e4seneksi voit&#8230;<\/p>\n","protected":false},"author":1,"featured_media":0,"parent":0,"menu_order":0,"comment_status":"closed","ping_status":"closed","template":"templates\/full-width-page.php","meta":{"footnotes":""},"class_list":["post-10","page","type-page","status-publish","hentry"],"yoast_head":"<!-- This site is optimized with the Yoast SEO plugin v27.5 - https:\/\/yoast.com\/product\/yoast-seo-wordpress\/ -->\n<title>Kuopion Hoiva ry - Kuopion Hoiva ry<\/title>\n<meta name=\"robots\" content=\"index, follow, max-snippet:-1, max-image-preview:large, max-video-preview:-1\" \/>\n<link rel=\"canonical\" href=\"https:\/\/kuopionhoiva.fi\/\" \/>\n<meta property=\"og:locale\" content=\"fi_FI\" \/>\n<meta property=\"og:type\" content=\"article\" \/>\n<meta property=\"og:title\" content=\"Kuopion Hoiva ry - Kuopion Hoiva ry\" \/>\n<meta property=\"og:description\" content=\"&#8211;&nbsp;Kehitysvammaisten tukiliitto ry:n j\u00e4sen&#8211; Noin 215 j\u00e4sent\u00e4 Kuopion alueelta&#8211; Toimintamme perustuu vapaaehtoisuuteen&#8211; Yhdistys j\u00e4rjest\u00e4\u00e4 monenlaista yhteist\u00e4 toimintaa ja yhdess\u00e4oloa, kuten kes\u00e4leirit, retket ja ulkoilup\u00e4iv\u00e4t, erilaiset kerhot ja j\u00e4senillat.&#8211; Hoiva tarjoaa mahdollisuuden osallistua vapaaehtoisty\u00f6h\u00f6n ja my\u00f6s &#8221;yrityskummit&#8221; ovat tervetulleita mukaan. Ota rohkeasti yhteytt\u00e4 Hoivan yhteyshenkil\u00f6ihin. Heilt\u00e4 saat lis\u00e4tietoja eri toiminnoista.J\u00e4seneksi voit...\" \/>\n<meta property=\"og:url\" content=\"https:\/\/kuopionhoiva.fi\/\" \/>\n<meta property=\"og:site_name\" content=\"Kuopion Hoiva ry\" \/>\n<meta property=\"article:modified_time\" content=\"2021-04-01T18:43:02+00:00\" \/>\n<meta name=\"twitter:card\" content=\"summary_large_image\" \/>\n<meta name=\"twitter:label1\" content=\"Arvioitu lukuaika\" \/>\n\t<meta name=\"twitter:data1\" content=\"1 minuutti\" \/>\n<script type=\"application\/ld+json\" class=\"yoast-schema-graph\">{\"@context\":\"https:\\\/\\\/schema.org\",\"@graph\":[{\"@type\":\"WebPage\",\"@id\":\"https:\\\/\\\/kuopionhoiva.fi\\\/\",\"url\":\"https:\\\/\\\/kuopionhoiva.fi\\\/\",\"name\":\"Kuopion Hoiva ry - Kuopion Hoiva ry\",\"isPartOf\":{\"@id\":\"https:\\\/\\\/kuopionhoiva.fi\\\/#website\"},\"datePublished\":\"2021-04-01T17:25:30+00:00\",\"dateModified\":\"2021-04-01T18:43:02+00:00\",\"breadcrumb\":{\"@id\":\"https:\\\/\\\/kuopionhoiva.fi\\\/#breadcrumb\"},\"inLanguage\":\"fi\",\"potentialAction\":[{\"@type\":\"ReadAction\",\"target\":[\"https:\\\/\\\/kuopionhoiva.fi\\\/\"]}]},{\"@type\":\"BreadcrumbList\",\"@id\":\"https:\\\/\\\/kuopionhoiva.fi\\\/#breadcrumb\",\"itemListElement\":[{\"@type\":\"ListItem\",\"position\":1,\"name\":\"Etusivu\",\"item\":\"https:\\\/\\\/kuopionhoiva.fi\\\/\"},{\"@type\":\"ListItem\",\"position\":2,\"name\":\"Kuopion Hoiva ry\"}]},{\"@type\":\"WebSite\",\"@id\":\"https:\\\/\\\/kuopionhoiva.fi\\\/#website\",\"url\":\"https:\\\/\\\/kuopionhoiva.fi\\\/\",\"name\":\"Kuopion Hoiva ry\",\"description\":\"\",\"potentialAction\":[{\"@type\":\"SearchAction\",\"target\":{\"@type\":\"EntryPoint\",\"urlTemplate\":\"https:\\\/\\\/kuopionhoiva.fi\\\/?s={search_term_string}\"},\"query-input\":{\"@type\":\"PropertyValueSpecification\",\"valueRequired\":true,\"valueName\":\"search_term_string\"}}],\"inLanguage\":\"fi\"}]}<\/script>\n<!-- \/ Yoast SEO plugin. -->","yoast_head_json":{"title":"Kuopion Hoiva ry - Kuopion Hoiva ry","robots":{"index":"index","follow":"follow","max-snippet":"max-snippet:-1","max-image-preview":"max-image-preview:large","max-video-preview":"max-video-preview:-1"},"canonical":"https:\/\/kuopionhoiva.fi\/","og_locale":"fi_FI","og_type":"article","og_title":"Kuopion Hoiva ry - Kuopion Hoiva ry","og_description":"&#8211;&nbsp;Kehitysvammaisten tukiliitto ry:n j\u00e4sen&#8211; Noin 215 j\u00e4sent\u00e4 Kuopion alueelta&#8211; Toimintamme perustuu vapaaehtoisuuteen&#8211; Yhdistys j\u00e4rjest\u00e4\u00e4 monenlaista yhteist\u00e4 toimintaa ja yhdess\u00e4oloa, kuten kes\u00e4leirit, retket ja ulkoilup\u00e4iv\u00e4t, erilaiset kerhot ja j\u00e4senillat.&#8211; Hoiva tarjoaa mahdollisuuden osallistua vapaaehtoisty\u00f6h\u00f6n ja my\u00f6s &#8221;yrityskummit&#8221; ovat tervetulleita mukaan. Ota rohkeasti yhteytt\u00e4 Hoivan yhteyshenkil\u00f6ihin. Heilt\u00e4 saat lis\u00e4tietoja eri toiminnoista.J\u00e4seneksi voit...","og_url":"https:\/\/kuopionhoiva.fi\/","og_site_name":"Kuopion Hoiva ry","article_modified_time":"2021-04-01T18:43:02+00:00","twitter_card":"summary_large_image","twitter_misc":{"Arvioitu lukuaika":"1 minuutti"},"schema":{"@context":"https:\/\/schema.org","@graph":[{"@type":"WebPage","@id":"https:\/\/kuopionhoiva.fi\/","url":"https:\/\/kuopionhoiva.fi\/","name":"Kuopion Hoiva ry - Kuopion Hoiva ry","isPartOf":{"@id":"https:\/\/kuopionhoiva.fi\/#website"},"datePublished":"2021-04-01T17:25:30+00:00","dateModified":"2021-04-01T18:43:02+00:00","breadcrumb":{"@id":"https:\/\/kuopionhoiva.fi\/#breadcrumb"},"inLanguage":"fi","potentialAction":[{"@type":"ReadAction","target":["https:\/\/kuopionhoiva.fi\/"]}]},{"@type":"BreadcrumbList","@id":"https:\/\/kuopionhoiva.fi\/#breadcrumb","itemListElement":[{"@type":"ListItem","position":1,"name":"Etusivu","item":"https:\/\/kuopionhoiva.fi\/"},{"@type":"ListItem","position":2,"name":"Kuopion Hoiva ry"}]},{"@type":"WebSite","@id":"https:\/\/kuopionhoiva.fi\/#website","url":"https:\/\/kuopionhoiva.fi\/","name":"Kuopion Hoiva ry","description":"","potentialAction":[{"@type":"SearchAction","target":{"@type":"EntryPoint","urlTemplate":"https:\/\/kuopionhoiva.fi\/?s={search_term_string}"},"query-input":{"@type":"PropertyValueSpecification","valueRequired":true,"valueName":"search_term_string"}}],"inLanguage":"fi"}]}},"jetpack_sharing_enabled":true,"_links":{"self":[{"href":"https:\/\/kuopionhoiva.fi\/index.php?rest_route=\/wp\/v2\/pages\/10","targetHints":{"allow":["GET"]}}],"collection":[{"href":"https:\/\/kuopionhoiva.fi\/index.php?rest_route=\/wp\/v2\/pages"}],"about":[{"href":"https:\/\/kuopionhoiva.fi\/index.php?rest_route=\/wp\/v2\/types\/page"}],"author":[{"embeddable":true,"href":"https:\/\/kuopionhoiva.fi\/index.php?rest_route=\/wp\/v2\/users\/1"}],"replies":[{"embeddable":true,"href":"https:\/\/kuopionhoiva.fi\/index.php?rest_route=%2Fwp%2Fv2%2Fcomments&post=10"}],"version-history":[{"count":3,"href":"https:\/\/kuopionhoiva.fi\/index.php?rest_route=\/wp\/v2\/pages\/10\/revisions"}],"predecessor-version":[{"id":122,"href":"https:\/\/kuopionhoiva.fi\/index.php?rest_route=\/wp\/v2\/pages\/10\/revisions\/122"}],"wp:attachment":[{"href":"https:\/\/kuopionhoiva.fi\/index.php?rest_route=%2Fwp%2Fv2%2Fmedia&parent=10"}],"curies":[{"name":"wp","href":"https:\/\/api.w.org\/{rel}","templated":true}]}}